{"id":53,"date":"2025-10-17T19:20:35","date_gmt":"2025-10-17T19:20:35","guid":{"rendered":"https:\/\/desafiodelaribera.com.ar\/?page_id=53"},"modified":"2026-03-02T12:25:19","modified_gmt":"2026-03-02T12:25:19","slug":"como-me-inscribo","status":"publish","type":"page","link":"https:\/\/desafiodelaribera.com.ar\/?page_id=53","title":{"rendered":"Como me inscribo?"},"content":{"rendered":"\n<figure class=\"wp-block-table is-style-stripes has-small-font-size\"><table class=\"has-fixed-layout\"><thead><tr><th><\/th><th class=\"has-text-align-center\" data-align=\"center\">DOMINGO 15 MAR 2026<\/th><th class=\"has-text-align-right\" data-align=\"right\"><\/th><\/tr><\/thead><tbody><tr><td><img loading=\"lazy\" decoding=\"async\" width=\"150\" height=\"143\" class=\"wp-image-10\" style=\"width: 150px;\" src=\"https:\/\/desafiodelaribera.com.ar\/wp-content\/uploads\/2025\/10\/2025-10-13-Logo-crsn-1.jpg\" alt=\"\" srcset=\"https:\/\/desafiodelaribera.com.ar\/wp-content\/uploads\/2025\/10\/2025-10-13-Logo-crsn-1.jpg 1062w, https:\/\/desafiodelaribera.com.ar\/wp-content\/uploads\/2025\/10\/2025-10-13-Logo-crsn-1-300x286.jpg 300w, https:\/\/desafiodelaribera.com.ar\/wp-content\/uploads\/2025\/10\/2025-10-13-Logo-crsn-1-1024x976.jpg 1024w, https:\/\/desafiodelaribera.com.ar\/wp-content\/uploads\/2025\/10\/2025-10-13-Logo-crsn-1-768x732.jpg 768w\" sizes=\"auto, (max-width: 150px) 100vw, 150px\" \/><\/td><td class=\"has-text-align-center\" data-align=\"center\"><\/td><td class=\"has-text-align-right\" data-align=\"right\"><img loading=\"lazy\" decoding=\"async\" width=\"150\" height=\"150\" class=\"wp-image-18\" style=\"width: 150px;\" src=\"https:\/\/desafiodelaribera.com.ar\/wp-content\/uploads\/2025\/10\/crsn_logo.jpg\" alt=\"\" srcset=\"https:\/\/desafiodelaribera.com.ar\/wp-content\/uploads\/2025\/10\/crsn_logo.jpg 400w, https:\/\/desafiodelaribera.com.ar\/wp-content\/uploads\/2025\/10\/crsn_logo-300x300.jpg 300w, https:\/\/desafiodelaribera.com.ar\/wp-content\/uploads\/2025\/10\/crsn_logo-150x150.jpg 150w\" sizes=\"auto, (max-width: 150px) 100vw, 150px\" \/><\/td><\/tr><\/tbody><\/table><\/figure>\n\n\n\n<!DOCTYPE html>\n<html lang=\"es\">\n<head>\n    <meta charset=\"UTF-8\">\n    <meta name=\"viewport\" content=\"width=device-width, initial-scale=1.0\">\n    <title>Instagram &#8211; CRSN Desaf\u00edo de la Ribera<\/title>\n    <style>\n        .instagram-simple {\n            display: inline-block;\n            padding: 10px 15px;\n            background: #E1306C;\n            color: white;\n            text-decoration: none;\n            border-radius: 5px;\n            font-family: Arial, sans-serif;\n            font-size: 14px;\n        }\n        \n        .instagram-simple:hover {\n            background: #C13584;\n        }\n    <\/style>\n<\/head>\n<body>\n    <a href=\"https:\/\/instagram.com\/crsn_desafiodelaribera\" target=\"_blank\" class=\"instagram-simple\">\n        S\u00edguenos en Instagram: @crsn_desafiodelaribera\n    <\/a>\n<\/body>\n<\/html>\n\n\n\n<h2 class=\"wp-block-heading\">\u00bfC\u00f3mo me inscribo?<\/h2>\n\n\n\n<ol class=\"wp-block-list\">\n<li>Chequeo que todav\u00eda hay cupos para inscribirme, se publica en la web.<\/li>\n\n\n\n<li>Deposito \/ transfiero o Realizo el pago mediante la aplicaci\u00f3n brio del valor de la inscripci\u00f3n seg\u00fan corresponda a la fecha, guardando el comprobante.<\/li>\n\n\n\n<li>Ingreso al men\u00fa inscripci\u00f3n, completo mis datos y subo el comprobante de pago.<\/li>\n\n\n\n<li>Te llega un email confirmando que est\u00e1s pre-inscripto.<\/li>\n\n\n\n<li>En 72 hs aprox. Se verifican tus datos y comprobante de pago, y se te asigna un n\u00famero de competidor, el mismo te llega por email.<\/li>\n\n\n\n<li>Ahora que tienes el n\u00famero de competidor debes subir el certificado m\u00e9dico de aptitud f\u00edsica (El mismo debe tener fecha 2025\/2026 y no mayor a 6 meses de antig\u00fcedad al d\u00eda del Evento) y firmar el deslinde.<\/li>\n<\/ol>\n\n\n\n<hr class=\"wp-block-separator has-text-color has-medium-pink-color has-alpha-channel-opacity has-medium-pink-background-color has-background\"\/>\n\n\n\n<h3 class=\"wp-block-heading\">Valores de inscripci\u00f3n<\/h3>\n\n\n\n<!DOCTYPE html>\n<html lang=\"es\">\n<head>\n    <meta charset=\"UTF-8\">\n    <meta name=\"viewport\" content=\"width=device-width, initial-scale=1.0\">\n    <title>Listado de Precios<\/title>\n    <style>\n        * {\n            margin: 0;\n            padding: 0;\n            box-sizing: border-box;\n        }\n        \n        body {\n            font-family: Arial, sans-serif;\n            margin: 0;\n            padding: 20px;\n            background-color: #f0f8ff;\n            min-height: 100vh;\n            display: flex;\n            align-items: center;\n            justify-content: center;\n        }\n        \n        .container {\n            width: 100%;\n            max-width: 800px;\n            background-color: white;\n            border-radius: 10px;\n            box-shadow: 0 4px 6px rgba(0, 0, 0, 0.1);\n            overflow: hidden;\n        }\n        \n        .table-container {\n            padding: 20px;\n        }\n        \n        table {\n            width: 100%;\n            border-collapse: collapse;\n            margin-bottom: 20px;\n        }\n        \n        th {\n            background-color: #2563eb;\n            color: white;\n            padding: 15px;\n            text-align: center;\n            font-weight: bold;\n            font-size: 14px;\n            border-bottom: 2px solid #3b82f6;\n        }\n        \n        td {\n            padding: 12px;\n            text-align: center;\n            border-bottom: 1px solid #3b82f6;\n            font-size: 13px;\n        }\n        \n        .note {\n            text-align: center;\n            margin-top: 20px;\n            background-color: #2563eb;\n            color: white;\n            padding: 15px;\n            border-radius: 5px;\n            font-size: 13px;\n        }\n        \n        \/* Responsive Design *\/\n        @media (max-width: 768px) {\n            body {\n                padding: 15px;\n            }\n            \n            .container {\n                margin: 10px;\n            }\n            \n            .table-container {\n                padding: 15px;\n            }\n            \n            th, td {\n                padding: 12px 10px;\n                font-size: 13px;\n            }\n        }\n        \n        @media (max-width: 480px) {\n            body {\n                padding: 10px;\n            }\n            \n            .container {\n                margin: 5px;\n            }\n            \n            .table-container {\n                padding: 10px;\n            }\n            \n            th, td {\n                padding: 10px 8px;\n                font-size: 12px;\n            }\n            \n            .note {\n                padding: 12px;\n                font-size: 12px;\n            }\n        }\n    <\/style>\n<\/head>\n<body>\n    <div class=\"container\">\n        <div class=\"table-container\">\n            <table>\n                <tr>\n                    <th>Fecha<\/th>\n                    <th>Importe<\/th>\n                <\/tr>\n               \n               <tr>\n                    <td>16\/12\/2025 \u2013 08\/03\/2026<\/td>\n                    <td>$100.000<\/td>\n                <\/tr>\n            <\/table>\n            \n            <div class=\"note\">\n                <strong>Nota:<\/strong> Hasta agotar el cupo de nadadores, que se dar\u00e1 por cerrada la inscripci\u00f3n.\n            <\/div>\n        <\/div>\n    <\/div>\n<\/body>\n<\/html>\n\n\n\n<hr class=\"wp-block-separator has-text-color has-medium-pink-color has-alpha-channel-opacity has-medium-pink-background-color has-background\"\/>\n\n\n\n<h3 class=\"wp-block-heading\">Medios de Pago<\/h3>\n\n\n\n<p>Podes abonar con QR, transferencia, d\u00e9bito bancario o tarjeta de cr\u00e9dito (hasta 3 cuotas sin inter\u00e9s con Banco Macro).<\/p>\n\n\n\n<p><strong>Datos para transferencias o Dep\u00f3sito:<br>Banco:<\/strong>&nbsp;BANCO MACRO<br><strong>CUIT:<\/strong>&nbsp;30-50676200-2<br><strong>Raz\u00f3n social:<\/strong>&nbsp;CLUB DE REGATAS SAN NICOLAS<br><strong>CBU:<\/strong>&nbsp;2850852630094245808221<br><strong>Cuenta CC $:<\/strong>&nbsp;385209424580822<br><strong>Alias:<\/strong>&nbsp;CRSN.NATACION<\/p>\n\n\n\n<p><strong> QR, transferencia, d\u00e9bito bancario o tarjeta de cr\u00e9dito (hasta 3 cuotas sin inter\u00e9s con Banco Macro)<\/strong><br>Ingresa al siguiente link<\/p>\n\n\n\n<a href=\"https:\/\/crsn.brio.club\/\" target=\"_blank\" rel=\"noopener noreferrer\" style=\"background-color: #ff530b; color: #ffffff; padding: 12px 24px; text-decoration: none; border-radius: 5px; font-weight: 900; display: inline-block; font-size: 16px; font-family: Arial, sans-serif; transition: all 0.3s ease;\" onmouseover=\"this.style.backgroundColor='#e0490a'\" onmouseout=\"this.style.backgroundColor='#ff530b'\">Socios<\/a>\n\n<a href=\"https:\/\/crsn.brio.club\/eventos\" target=\"_blank\" rel=\"noopener noreferrer\" style=\"background-color: #28a745; color: #ffffff; padding: 12px 24px; text-decoration: none; border-radius: 5px; font-weight: 900; display: inline-block; font-size: 16px; font-family: Arial, sans-serif; transition: all 0.3s ease;\" onmouseover=\"this.style.backgroundColor='#218838'\" onmouseout=\"this.style.backgroundColor='#28a745'\">No Socios<\/a>\n\n\n\n<pre class=\"wp-block-code\"><code>\n\n<a href=\"mailto:info@desafiodelaribera.com.ar\">info@desafiodelaribera.com.ar<\/a>\n<\/code><\/pre>\n\n\n\n<!DOCTYPE html>\n<html lang=\"es\">\n<head>\n    <meta charset=\"UTF-8\">\n    <meta name=\"viewport\" content=\"width=device-width, initial-scale=1.0\">\n    <title>Instagram &#8211; CRSN Desaf\u00edo de la Ribera<\/title>\n    <style>\n        .instagram-simple {\n            display: inline-block;\n            padding: 10px 15px;\n            background: #E1306C;\n            color: white;\n            text-decoration: none;\n            border-radius: 5px;\n            font-family: Arial, sans-serif;\n            font-size: 14px;\n        }\n        \n        .instagram-simple:hover {\n            background: #C13584;\n        }\n    <\/style>\n<\/head>\n<body>\n    <a href=\"https:\/\/instagram.com\/crsn_desafiodelaribera\" target=\"_blank\" class=\"instagram-simple\">\n        S\u00edguenos en Instagram: @crsn_desafiodelaribera\n    <\/a>\n<\/body>\n<\/html>\n\n\n\n<p><\/p>\n\n\n\n<figure class=\"wp-block-gallery has-nested-images columns-default is-cropped wp-block-gallery-1 is-layout-flex wp-block-gallery-is-layout-flex\">\n<figure class=\"wp-block-image size-large\"><img loading=\"lazy\" decoding=\"async\" width=\"602\" height=\"35\" data-id=\"39\" src=\"https:\/\/desafiodelaribera.com.ar\/wp-content\/uploads\/2025\/10\/crsn-pie.jpg\" alt=\"\" class=\"wp-image-39\" srcset=\"https:\/\/desafiodelaribera.com.ar\/wp-content\/uploads\/2025\/10\/crsn-pie.jpg 602w, https:\/\/desafiodelaribera.com.ar\/wp-content\/uploads\/2025\/10\/crsn-pie-300x17.jpg 300w\" sizes=\"auto, (max-width: 602px) 100vw, 602px\" \/><\/figure>\n<\/figure>\n\n\n\n<p><\/p>\n\n\n\n<p><\/p>\n\n\n\n<p><\/p>\n\n\n\n<p><\/p>\n\n\n\n<p><\/p>\n\n\n\n<p><\/p>\n\n\n\n<p><\/p>\n\n\n\n<p><\/p>\n\n\n\n<p><\/p>\n\n\n\n<p><\/p>\n\n\n\n<p><\/p>\n\n\n\n<p><\/p>\n\n\n\n<p><\/p>\n\n\n\n<p><\/p>\n\n\n\n<p><\/p>\n\n\n\n<p><\/p>\n\n\n\n<p><\/p>\n\n\n\n<p><\/p>\n\n\n\n<p><\/p>\n\n\n\n<p><\/p>\n\n\n\n<p><\/p>\n\n\n\n<p><\/p>\n\n\n\n<p><\/p>\n\n\n\n<p><\/p>\n\n\n\n<p><\/p>\n\n\n\n<p><\/p>\n\n\n\n<p><\/p>\n\n\n\n<p><\/p>\n\n\n\n<p><\/p>\n\n\n\n<p><\/p>\n\n\n\n<p><\/p>\n\n\n\n<p><\/p>\n\n\n\n<p><\/p>\n\n\n\n<p><\/p>\n\n\n\n<p><\/p>\n\n\n\n<p><\/p>\n\n\n\n<p><\/p>\n\n\n\n<p><\/p>\n\n\n\n<p><\/p>\n\n\n\n<p><\/p>\n\n\n\n<p><\/p>\n\n\n\n<p><\/p>\n\n\n\n<p><\/p>\n\n\n\n<p><\/p>\n\n\n\n<p><\/p>\n\n\n\n<p><\/p>\n\n\n\n<p><\/p>\n\n\n\n<p><\/p>\n\n\n\n<p>.<\/p>\n","protected":false},"excerpt":{"rendered":"<p>DOMINGO 15 MAR 2026 Instagram &#8211; CRSN Desaf\u00edo de la Ribera S\u00edguenos en Instagram: @crsn_desafiodelaribera \u00bfC\u00f3mo me inscribo? Valores de inscripci\u00f3n Listado de Precios Fecha Importe 16\/12\/2025 \u2013 08\/03\/2026 $100.000 Nota: Hasta agotar el cupo de nadadores, que se dar\u00e1 por cerrada la inscripci\u00f3n. Medios de Pago Podes abonar con QR, transferencia, d\u00e9bito bancario o &hellip; <a href=\"https:\/\/desafiodelaribera.com.ar\/?page_id=53\" class=\"more-link\">Sigue leyendo <span class=\"screen-reader-text\">Como me inscribo?<\/span><\/a><\/p>\n","protected":false},"author":1,"featured_media":0,"parent":0,"menu_order":0,"comment_status":"closed","ping_status":"closed","template":"","meta":{"footnotes":""},"class_list":["post-53","page","type-page","status-publish","hentry"],"_links":{"self":[{"href":"https:\/\/desafiodelaribera.com.ar\/index.php?rest_route=\/wp\/v2\/pages\/53","targetHints":{"allow":["GET"]}}],"collection":[{"href":"https:\/\/desafiodelaribera.com.ar\/index.php?rest_route=\/wp\/v2\/pages"}],"about":[{"href":"https:\/\/desafiodelaribera.com.ar\/index.php?rest_route=\/wp\/v2\/types\/page"}],"author":[{"embeddable":true,"href":"https:\/\/desafiodelaribera.com.ar\/index.php?rest_route=\/wp\/v2\/users\/1"}],"replies":[{"embeddable":true,"href":"https:\/\/desafiodelaribera.com.ar\/index.php?rest_route=%2Fwp%2Fv2%2Fcomments&post=53"}],"version-history":[{"count":15,"href":"https:\/\/desafiodelaribera.com.ar\/index.php?rest_route=\/wp\/v2\/pages\/53\/revisions"}],"predecessor-version":[{"id":155,"href":"https:\/\/desafiodelaribera.com.ar\/index.php?rest_route=\/wp\/v2\/pages\/53\/revisions\/155"}],"wp:attachment":[{"href":"https:\/\/desafiodelaribera.com.ar\/index.php?rest_route=%2Fwp%2Fv2%2Fmedia&parent=53"}],"curies":[{"name":"wp","href":"https:\/\/api.w.org\/{rel}","templated":true}]}}